{"id":230,"date":"2022-03-14T13:37:23","date_gmt":"2022-03-14T13:37:23","guid":{"rendered":"https:\/\/fibershed.domcode.co\/home\/"},"modified":"2022-12-01T19:52:06","modified_gmt":"2022-12-01T14:52:06","slug":"home","status":"publish","type":"page","link":"https:\/\/fibershed.uqam.ca\/en\/","title":{"rendered":"Home"},"content":{"rendered":"<!--  Hero section  -->\r\n    <div class=\"container-xxl\" >\r\n        <section id=\"hero-block_78dce9b249f54b815874c2d2f27b4418\" class=\" fs-hero\" style=\"background-image: url(https:\/\/fibershed.uqam.ca\/wp-content\/uploads\/2022\/03\/hero-bg.jpg)\">\r\n            <div class=\"fs-hero--img-box\">\r\n                <img decoding=\"async\" class=\"fs-hero--img img-svg\" src=\"https:\/\/fibershed.uqam.ca\/wp-content\/uploads\/2022\/03\/Vector.svg\" alt=\"Hero-svg\" loading=\"lazy\">\r\n            <\/div>\r\n\r\n        <\/section>\r\n    <\/div>\r\n<!--  \/ Hero section  -->\n\n\r\n<!--   Section Misson-->\r\n<section id=\"fs-mission-block_07a734f2b9b64e4c9080337d24fc543e\" class=\" fs-mission\">\r\n    <div class=\"container-xxl\">\r\n                    <h2 class=\"section-title\">\r\n                The Fibershed Quebec                 <span>Mission<\/span>\r\n            <\/h2>\r\n                            <p class=\"block-text\">\r\n                Following the Fibershed tradition, Fibershed Quebec values and promotes local textiles through a &#8220;soil- to-soil&#8221; philosophy. To this end, Fibershed Quebec supports and shares regional know-how and strengthens Quebecer\u2019s knowledge of its textile and clothing industry through structured projects that are ecologically, fairly and economically viable.<!-- wp:acf\/img-text-block {\"name\":\"acf\/img-text-block\",\"data\":{\"image_wide\":206,\"_image_wide\":\"field_6227aabce64c7\",\"image_wide_svg\":207,\"_image_wide_svg\":\"field_6227af489bf69\",\"image_text_title\":\" \",\"_image_text_title\":\"field_6227aadae64c8\",\"image_text_title_light\":\"Fibershed's\",\"_image_text_title_light\":\"field_6227aaf1e64c9\",\"image_text_title_second\":\"international impact\",\"_image_text_title_second\":\"field_6227ac10d4f88\",\"image_text_indicator\":\"45,550+\",\"_image_text_indicator\":\"field_6227ab01e64ca\",\"image_text_indicator_desc\":\"metric tons of CO2\",\"_image_text_indicator_desc\":\"field_6227ab44e64cb\",\"image_text_text\":\"Fibershed Quebec is committed to contributing to the advancement of knowledge and communicating the best practices of its textile and apparel industry. This covers the entire life-cycle of products, from the production of fibers and raw materials to the end-of-life of textile and apparel.\",\"_image_text_text\":\"field_6227ab58e64cc\",\"image_text_btn_text\":\"About Fibershed Quebec\",\"_image_text_btn_text\":\"field_6227ab75e64cd\",\"image_text_btn_link\":{\"title\":\"\",\"url\":\"#\",\"target\":\"\"},\"_image_text_btn_link\":\"field_6227ab80e64ce\"},\"align\":\"full\",\"mode\":\"preview\"} \/-->            <\/p>\r\n             <\/div>\r\n<\/section>\r\n<!--  \/ Section Misson-->\r\n\n\n\r\n<!-- International -->\r\n<section id=\"img-text-block_58aa027a5d98528385c93af329d3e5ff\" class=\" img-text\">\r\n    <div class=\"container-xxl\">\r\n        <div class=\"row\">\r\n            <div class=\"col-xxl-8 col-lg-7\">\r\n                <div class=\"img-text--img img-background center-logo\" style=\"background-image: url(https:\/\/fibershed.uqam.ca\/wp-content\/uploads\/2022\/11\/black-color-solid-background-1920x1080-1-923x580.png)\">\r\n                    <img decoding=\"async\" class=\"img-text--svg img-center img-svg\" src=\"https:\/\/fibershed.uqam.ca\/wp-content\/uploads\/2022\/12\/imoact-fibershed.jpeg\" alt=\"international-svg\" loading=\"lazy\">\r\n                <\/div>\r\n            <\/div>\r\n            <div class=\"col-xxl-4 col-lg-5\">\r\n                <div class=\"img-text--text\">\r\n                                            <h2 class=\"block-head\">\r\n                                                         <span class=\"text-lightGrey\">Fibershed&#8217;s<\/span>\r\n                            international impact                        <\/h2>\r\n                                                                <p class=\"text-indicators\">\r\n                            45,550+                        <\/p>\r\n                                            <p class=\"text-desc\">metric tons of CO2<\/p>\r\n                                            <p class=\"block-text\">\r\n                            Fibershed Quebec is committed to contributing to the advancement of knowledge and communicating the best practices of its textile and apparel industry. This covers the entire life-cycle of products, from the production of fibers and raw materials to the end-of-life of textile and apparel.                        <\/p>\r\n                                            <a href=\"#\" target=\"\" class=\"button\">\r\n                            About Fibershed Quebec                        <\/a>\r\n\r\n                                    <\/div>\r\n            <\/div>\r\n        <\/div>\r\n    <\/div>\r\n<\/section>\r\n<!-- \/ International -->\r\n\n\n\r\n<!--Text img-->\r\n<section id=\"text-img-block_5bbf9df19f926e6cacb4740c3b043f60\" class=\" text-img\">\r\n    <div class=\"container-xxl\">\r\n        <div class=\"row\">\r\n            <div class=\"col-lg-7 order-lg-2\">\r\n                <div class=\"img-background\" style=\"background-image: url(https:\/\/fibershed.uqam.ca\/wp-content\/uploads\/2022\/11\/biblio-mode.jpeg)\">\r\n                                    <\/div>\r\n            <\/div>\r\n            <div class=\"col-lg-5 text-img--text order-lg-1\">\r\n                                <h2 class=\"block-head\">\r\n                    View                    <span class=\"text-lightGrey\">\r\n                        Our Fibershed catalogue                    <\/span>\r\n                <\/h2>\r\n                                                <p class=\"block-text\">\r\n                    Ecole superieur de mode de Montreal presents to you selected written works that goes along the values and the mission of Fibershed Quebec                <\/p>\r\n                                                <a href=\"https:\/\/uqam-bib.on.worldcat.org\/courseReserves\/course\/id\/19036633\" target=\"\" class=\"button\">\r\n                    Visit                <\/a>\r\n                            <\/div>\r\n\r\n        <\/div>\r\n    <\/div>\r\n<\/section>\r\n<!-- \/Text img-->\r\n\n\n\r\n\r\n<!-- Image Text Equal-->\r\n<section id=\"img-text-equal-block_53cac1526bfdde52fde7b857a5dd95b7\" class=\" img-text-equal\">\r\n    <div class=\"container-xxl\">\r\n        <div class=\"row\">\r\n            <div class=\"col-lg-6 col-width-more\">\r\n                <div class=\"img-text--img img-background img-text-equal--block\" style=\"background-image: url(https:\/\/fibershed.uqam.ca\/wp-content\/uploads\/2022\/03\/img-text-equal-bg.jpg)\">\r\n                    <div class=\"center-logo\">\r\n                        <img decoding=\"async\" class=\"img-text--svg img-center img-svg\" src=\"https:\/\/fibershed.uqam.ca\/wp-content\/uploads\/2022\/03\/img-text-equal.svg\" alt=\"international-svg\" loading=\"lazy\">\r\n                    <\/div>\r\n                                        <p class=\"text-italic\">\r\n                        \u00ab Knowing how to have fun is also at the heart of our scientific approach. \u00bb                    <\/p>\r\n                                                            <p class=\"text-author\">\r\n                        &#8211; Marie-Eve Faust, Ph.D.                    <\/p>\r\n                                    <\/div>\r\n            <\/div>\r\n            <div class=\"col-lg-6 col-width-less\">\r\n                <div class=\"img-text-equal--block\">\r\n                                        <h2 class=\"block-head\">\r\n                        Some recent podcasts                                                <span class=\"text-lightGrey\">\r\n                            from Fibershed                        <\/span>\r\n                                            <\/h2>\r\n                                                            <p class=\"block-text\">\r\n                        On a regular basis, Fibershed shares podcasts explaining the latest initiatives, and also spotlights certain local communities to a global audience. Fibershed Quebec has prepared a short selection of these for you:                    <\/p>\r\n                                                                                            <a href=\"https:\/\/fibershed.org\/podcast\/\" target=\"_blank\" class=\"button\">\r\n                                Discover all our podcasts                            <\/a>\r\n                                                            <\/div>\r\n\r\n            <\/div>\r\n        <\/div>\r\n    <\/div>\r\n<\/section>\r\n<!-- Image Text Equal-->\n\n\r\n<!--Text img-->\r\n<section id=\"text-img-block_38c157b746c93b1b3ca1a903eed6cf0b\" class=\" text-img\">\r\n    <div class=\"container-xxl\">\r\n        <div class=\"row\">\r\n            <div class=\"col-lg-7 order-lg-2\">\r\n                <div class=\"img-background\" style=\"background-image: url(https:\/\/fibershed.uqam.ca\/wp-content\/uploads\/2022\/11\/Screenshot-2022-11-24-at-1.38.55-PM.png)\">\r\n                                    <\/div>\r\n            <\/div>\r\n            <div class=\"col-lg-5 text-img--text order-lg-1\">\r\n                                <h2 class=\"block-head\">\r\n                    Understand Wool                    <span class=\"text-lightGrey\">\r\n                        and it&#8217;s challenges in 2022                    <\/span>\r\n                <\/h2>\r\n                                                <p class=\"block-text\">\r\n                    The process of transformation of wool is very demanding but essential, and, fortunately, Quebec has the ressources needed to serve the whole province.                <\/p>\r\n                                                <a href=\"https:\/\/www.youtube.com\/watch?v=zGdjQ-0xIZs\" target=\"_blank\" class=\"button\">\r\n                    Watch                <\/a>\r\n                            <\/div>\r\n\r\n        <\/div>\r\n    <\/div>\r\n<\/section>\r\n<!-- \/Text img-->\r\n\n\n\r\n<!-- International -->\r\n<section id=\"img-text-block_571b2f1441a680f70c99b61a346bc82d\" class=\" img-text\">\r\n    <div class=\"container-xxl\">\r\n        <div class=\"row\">\r\n            <div class=\"col-xxl-8 col-lg-7\">\r\n                <div class=\"img-text--img img-background center-logo\" style=\"background-image: url(https:\/\/fibershed.uqam.ca\/wp-content\/uploads\/2022\/11\/black-color-solid-background-1920x1080-1-923x580.png)\">\r\n                    <img decoding=\"async\" class=\"img-text--svg img-center img-svg\" src=\"https:\/\/fibershed.uqam.ca\/wp-content\/uploads\/2022\/11\/IMG_0194-scaled.jpeg\" alt=\"international-svg\" loading=\"lazy\">\r\n                <\/div>\r\n            <\/div>\r\n            <div class=\"col-xxl-4 col-lg-5\">\r\n                <div class=\"img-text--text\">\r\n                                            <h2 class=\"block-head\">\r\n                             A success !                            <span class=\"text-lightGrey\">D\u00e9cadra&#8217;s<\/span>\r\n                            event                        <\/h2>\r\n                                                                <p class=\"text-indicators\">\r\n                            at the Montreal&#8217;s convention center                        <\/p>\r\n                                            <p class=\"text-desc\">October 26th 2022<\/p>\r\n                                            <p class=\"block-text\">\r\n                            Fibershed Quebec was present at D\u00e9cadra 2022. The organisation took this opportunity to share it&#8217;s mission but to also inform a lot of interested people on the matter. Fibershed Quebec will be present for the next D\u00e9cadra event !                        <\/p>\r\n                                            <a href=\"https:\/\/decadra.ca\/\" target=\"\" class=\"button\">\r\n                            About D\u00e9cadra                        <\/a>\r\n\r\n                                    <\/div>\r\n            <\/div>\r\n        <\/div>\r\n    <\/div>\r\n<\/section>\r\n<!-- \/ International -->\r\n\n\n\r\n<!--Text img-->\r\n<section id=\"text-img-block_088edcb04f5687903bcb0a3bfef17482\" class=\" text-img\">\r\n    <div class=\"container-xxl\">\r\n        <div class=\"row\">\r\n            <div class=\"col-lg-7 order-lg-2\">\r\n                <div class=\"img-background\" style=\"background-image: url(https:\/\/fibershed.uqam.ca\/wp-content\/uploads\/2022\/03\/text-img-bg.jpg)\">\r\n                                            <p class=\"text-over-img\">\r\n                            Stay in                            <span>\r\n                            the know                        <\/span>\r\n                        <\/p>\r\n                                    <\/div>\r\n            <\/div>\r\n            <div class=\"col-lg-5 text-img--text order-lg-1\">\r\n                                <h2 class=\"block-head\">\r\n                    Newsletter                    <span class=\"text-lightGrey\">\r\n                        Fibershed                    <\/span>\r\n                <\/h2>\r\n                                                <p class=\"block-text\">\r\n                    Fibershed Quebec is committed to contributing to the advancement of knowledge and communicating the best practices of its textile and apparel industry. This covers the entire life-cycle of products, from the production of fibers and raw materials to the end-of-life of textile and apparel.                <\/p>\r\n                                                <a href=\"https:\/\/fibershed.us14.list-manage.com\/subscribe?u=ba9b3f7329b79f8f5ad95bfda&#038;id=8fab38450e\" target=\"_blank\" class=\"button\">\r\n                    Subscribe to the newsletter                <\/a>\r\n                            <\/div>\r\n\r\n        <\/div>\r\n    <\/div>\r\n<\/section>\r\n<!-- \/Text img-->\r\n\n\n\r\n\r\n<!--teem-block-->\r\n<section id=\"team-block-block_046d1cd33c1d78459cbb0dd9967c2d1b\" class=\"  team-block\">\r\n    <div class=\"container-xxl\">\r\n                <div class=\"row\">\r\n                        <div class=\"col-sm-6 mb-4\">\r\n                <a href=\"https:\/\/fibershed.uqam.ca\/en\/about-fibershed-quebec\/#mef\" target=\"\" class=\"team-block--link\">\r\n                    <img decoding=\"async\" class=\"team-block--img\" src=\"https:\/\/fibershed.uqam.ca\/wp-content\/uploads\/2022\/03\/team-1.jpg\" alt=\"team member\" loading=\"lazy\">\r\n                <\/a>\r\n            <\/div>\r\n                        <div class=\"col-sm-6 mb-4\">\r\n                <a href=\"https:\/\/fibershed.uqam.ca\/en\/about-fibershed-quebec\/#mathieu\" target=\"\" class=\"team-block--link\">\r\n                    <img decoding=\"async\" class=\"team-block--img\" src=\"https:\/\/fibershed.uqam.ca\/wp-content\/uploads\/2022\/06\/mmodemathieu.jpg\" alt=\"team member\" loading=\"lazy\">\r\n                <\/a>\r\n            <\/div>\r\n                        <div class=\"col-sm-6 mb-4\">\r\n                <a href=\"https:\/\/fibershed.uqam.ca\/en\/about-fibershed-quebec\/#richard\" target=\"\" class=\"team-block--link\">\r\n                    <img decoding=\"async\" class=\"team-block--img\" src=\"https:\/\/fibershed.uqam.ca\/wp-content\/uploads\/2022\/03\/team-3.jpg\" alt=\"team member\" loading=\"lazy\">\r\n                <\/a>\r\n            <\/div>\r\n                        <div class=\"col-sm-6 mb-4\">\r\n                <a href=\"https:\/\/fibershed.uqam.ca\/en\/about-fibershed-quebec\/#jocelyn\" target=\"\" class=\"team-block--link\">\r\n                    <img decoding=\"async\" class=\"team-block--img\" src=\"https:\/\/fibershed.uqam.ca\/wp-content\/uploads\/2022\/03\/team-4.jpg\" alt=\"team member\" loading=\"lazy\">\r\n                <\/a>\r\n            <\/div>\r\n            \r\n        <\/div>\r\n            <\/div>\r\n\r\n<\/section>\r\n<!--teem-block-->","protected":false},"excerpt":{"rendered":"<p> [&#8230;]<\/p>\n<p><a class=\"button understrap-read-more-link\" href=\"https:\/\/fibershed.uqam.ca\/en\/\">Read More&#8230;<span class=\"screen-reader-text\"> from Home<\/span><\/a><\/p>\n","protected":false},"author":2,"featured_media":222,"parent":0,"menu_order":0,"comment_status":"closed","ping_status":"closed","template":"front-page.php","meta":{"footnotes":""},"class_list":["post-230","page","type-page","status-publish","has-post-thumbnail","hentry"],"acf":[],"yoast_head":"<!-- This site is optimized with the Yoast SEO plugin v27.6 - https:\/\/yoast.com\/product\/yoast-seo-wordpress\/ -->\n<title>Home - Fibershed Qu\u00e9bec - Page officielle<\/title>\n<meta name=\"robots\" content=\"index, follow, max-snippet:-1, max-image-preview:large, max-video-preview:-1\" \/>\n<link rel=\"canonical\" href=\"https:\/\/fibershed.uqam.ca\/en\/\" \/>\n<meta property=\"og:locale\" content=\"en_US\" \/>\n<meta property=\"og:type\" content=\"article\" \/>\n<meta property=\"og:title\" content=\"Home - Fibershed Qu\u00e9bec - Page officielle\" \/>\n<meta property=\"og:description\" content=\"[...]Read More... from Home\" \/>\n<meta property=\"og:url\" content=\"https:\/\/fibershed.uqam.ca\/en\/\" \/>\n<meta property=\"og:site_name\" content=\"Fibershed Qu\u00e9bec - Page officielle\" \/>\n<meta property=\"article:modified_time\" content=\"2022-12-01T14:52:06+00:00\" \/>\n<meta name=\"twitter:card\" content=\"summary_large_image\" \/>\n<script type=\"application\/ld+json\" class=\"yoast-schema-graph\">{\"@context\":\"https:\\\/\\\/schema.org\",\"@graph\":[{\"@type\":\"WebPage\",\"@id\":\"https:\\\/\\\/fibershed.uqam.ca\\\/en\\\/\",\"url\":\"https:\\\/\\\/fibershed.uqam.ca\\\/en\\\/\",\"name\":\"Home - Fibershed Qu\u00e9bec - Page officielle\",\"isPartOf\":{\"@id\":\"https:\\\/\\\/fibershed.uqam.ca\\\/#website\"},\"primaryImageOfPage\":{\"@id\":\"https:\\\/\\\/fibershed.uqam.ca\\\/en\\\/#primaryimage\"},\"image\":{\"@id\":\"https:\\\/\\\/fibershed.uqam.ca\\\/en\\\/#primaryimage\"},\"thumbnailUrl\":\"https:\\\/\\\/fibershed.uqam.ca\\\/wp-content\\\/uploads\\\/2022\\\/03\\\/header-logo-1.svg\",\"datePublished\":\"2022-03-14T13:37:23+00:00\",\"dateModified\":\"2022-12-01T14:52:06+00:00\",\"breadcrumb\":{\"@id\":\"https:\\\/\\\/fibershed.uqam.ca\\\/en\\\/#breadcrumb\"},\"inLanguage\":\"en-US\",\"potentialAction\":[{\"@type\":\"ReadAction\",\"target\":[\"https:\\\/\\\/fibershed.uqam.ca\\\/en\\\/\"]}]},{\"@type\":\"ImageObject\",\"inLanguage\":\"en-US\",\"@id\":\"https:\\\/\\\/fibershed.uqam.ca\\\/en\\\/#primaryimage\",\"url\":\"https:\\\/\\\/fibershed.uqam.ca\\\/wp-content\\\/uploads\\\/2022\\\/03\\\/header-logo-1.svg\",\"contentUrl\":\"https:\\\/\\\/fibershed.uqam.ca\\\/wp-content\\\/uploads\\\/2022\\\/03\\\/header-logo-1.svg\",\"width\":566,\"height\":85},{\"@type\":\"BreadcrumbList\",\"@id\":\"https:\\\/\\\/fibershed.uqam.ca\\\/en\\\/#breadcrumb\",\"itemListElement\":[{\"@type\":\"ListItem\",\"position\":1,\"name\":\"Accueil\",\"item\":\"https:\\\/\\\/fibershed.uqam.ca\\\/en\\\/\"},{\"@type\":\"ListItem\",\"position\":2,\"name\":\"Home\"}]},{\"@type\":\"WebSite\",\"@id\":\"https:\\\/\\\/fibershed.uqam.ca\\\/#website\",\"url\":\"https:\\\/\\\/fibershed.uqam.ca\\\/\",\"name\":\"Fibershed Qu\u00e9bec - Page officielle\",\"description\":\"Fibershed Qu\u00e9bec valorise les textiles du terroir et soutient le savoir-faire r\u00e9gional\",\"potentialAction\":[{\"@type\":\"SearchAction\",\"target\":{\"@type\":\"EntryPoint\",\"urlTemplate\":\"https:\\\/\\\/fibershed.uqam.ca\\\/?s={search_term_string}\"},\"query-input\":{\"@type\":\"PropertyValueSpecification\",\"valueRequired\":true,\"valueName\":\"search_term_string\"}}],\"inLanguage\":\"en-US\"}]}<\/script>\n<!-- \/ Yoast SEO plugin. -->","yoast_head_json":{"title":"Home - Fibershed Qu\u00e9bec - Page officielle","robots":{"index":"index","follow":"follow","max-snippet":"max-snippet:-1","max-image-preview":"max-image-preview:large","max-video-preview":"max-video-preview:-1"},"canonical":"https:\/\/fibershed.uqam.ca\/en\/","og_locale":"en_US","og_type":"article","og_title":"Home - Fibershed Qu\u00e9bec - Page officielle","og_description":"[...]Read More... from Home","og_url":"https:\/\/fibershed.uqam.ca\/en\/","og_site_name":"Fibershed Qu\u00e9bec - Page officielle","article_modified_time":"2022-12-01T14:52:06+00:00","twitter_card":"summary_large_image","schema":{"@context":"https:\/\/schema.org","@graph":[{"@type":"WebPage","@id":"https:\/\/fibershed.uqam.ca\/en\/","url":"https:\/\/fibershed.uqam.ca\/en\/","name":"Home - Fibershed Qu\u00e9bec - Page officielle","isPartOf":{"@id":"https:\/\/fibershed.uqam.ca\/#website"},"primaryImageOfPage":{"@id":"https:\/\/fibershed.uqam.ca\/en\/#primaryimage"},"image":{"@id":"https:\/\/fibershed.uqam.ca\/en\/#primaryimage"},"thumbnailUrl":"https:\/\/fibershed.uqam.ca\/wp-content\/uploads\/2022\/03\/header-logo-1.svg","datePublished":"2022-03-14T13:37:23+00:00","dateModified":"2022-12-01T14:52:06+00:00","breadcrumb":{"@id":"https:\/\/fibershed.uqam.ca\/en\/#breadcrumb"},"inLanguage":"en-US","potentialAction":[{"@type":"ReadAction","target":["https:\/\/fibershed.uqam.ca\/en\/"]}]},{"@type":"ImageObject","inLanguage":"en-US","@id":"https:\/\/fibershed.uqam.ca\/en\/#primaryimage","url":"https:\/\/fibershed.uqam.ca\/wp-content\/uploads\/2022\/03\/header-logo-1.svg","contentUrl":"https:\/\/fibershed.uqam.ca\/wp-content\/uploads\/2022\/03\/header-logo-1.svg","width":566,"height":85},{"@type":"BreadcrumbList","@id":"https:\/\/fibershed.uqam.ca\/en\/#breadcrumb","itemListElement":[{"@type":"ListItem","position":1,"name":"Accueil","item":"https:\/\/fibershed.uqam.ca\/en\/"},{"@type":"ListItem","position":2,"name":"Home"}]},{"@type":"WebSite","@id":"https:\/\/fibershed.uqam.ca\/#website","url":"https:\/\/fibershed.uqam.ca\/","name":"Fibershed Qu\u00e9bec - Page officielle","description":"Fibershed Qu\u00e9bec valorise les textiles du terroir et soutient le savoir-faire r\u00e9gional","potentialAction":[{"@type":"SearchAction","target":{"@type":"EntryPoint","urlTemplate":"https:\/\/fibershed.uqam.ca\/?s={search_term_string}"},"query-input":{"@type":"PropertyValueSpecification","valueRequired":true,"valueName":"search_term_string"}}],"inLanguage":"en-US"}]}},"_links":{"self":[{"href":"https:\/\/fibershed.uqam.ca\/en\/wp-json\/wp\/v2\/pages\/230","targetHints":{"allow":["GET"]}}],"collection":[{"href":"https:\/\/fibershed.uqam.ca\/en\/wp-json\/wp\/v2\/pages"}],"about":[{"href":"https:\/\/fibershed.uqam.ca\/en\/wp-json\/wp\/v2\/types\/page"}],"author":[{"embeddable":true,"href":"https:\/\/fibershed.uqam.ca\/en\/wp-json\/wp\/v2\/users\/2"}],"replies":[{"embeddable":true,"href":"https:\/\/fibershed.uqam.ca\/en\/wp-json\/wp\/v2\/comments?post=230"}],"version-history":[{"count":47,"href":"https:\/\/fibershed.uqam.ca\/en\/wp-json\/wp\/v2\/pages\/230\/revisions"}],"predecessor-version":[{"id":704,"href":"https:\/\/fibershed.uqam.ca\/en\/wp-json\/wp\/v2\/pages\/230\/revisions\/704"}],"wp:featuredmedia":[{"embeddable":true,"href":"https:\/\/fibershed.uqam.ca\/en\/wp-json\/wp\/v2\/media\/222"}],"wp:attachment":[{"href":"https:\/\/fibershed.uqam.ca\/en\/wp-json\/wp\/v2\/media?parent=230"}],"curies":[{"name":"wp","href":"https:\/\/api.w.org\/{rel}","templated":true}]}}