{"id":341,"date":"2022-04-10T23:41:27","date_gmt":"2022-04-10T18:41:27","guid":{"rendered":"https:\/\/fibershed.uqam.ca\/?page_id=341"},"modified":"2022-07-12T22:16:53","modified_gmt":"2022-07-12T17:16:53","slug":"about-fibershed-quebec","status":"publish","type":"page","link":"https:\/\/fibershed.uqam.ca\/en\/about-fibershed-quebec\/","title":{"rendered":"About Fibershed Quebec"},"content":{"rendered":"\n<p> <\/p>\n\n\n\n<p class=\"has-text-color\" style=\"color:#b4c9c5;font-size:22px\"><br><strong>The<\/strong> <strong>Fibershed Quebec mission<\/strong><\/p>\n\n\n\n<p style=\"font-size:16px\">Following the Fibershed tradition, Fibershed Quebec values and promotes local textiles through a &#8220;soil-to-soil&#8221; philosophy. To this end, Fibershed Quebec supports and shares regional know-how and strengthens Quebecer\u2019s knowledge of its textile and clothing industry through structured projects that are ecologically, fairly and economically viable.<br><br><br><\/p>\n\n\n\n<div class=\"wp-block-columns is-layout-flex wp-container-core-columns-is-layout-9d6595d7 wp-block-columns-is-layout-flex\">\n<div class=\"wp-block-column is-vertically-aligned-bottom is-layout-flow wp-block-column-is-layout-flow\">\n<p class=\"has-text-align-left has-text-color\" style=\"color:#b4c9c5;font-size:23px\"><strong>Knowledge<\/strong><\/p>\n\n\n\n<p class=\"has-gray-color has-text-color\" style=\"font-size:16px\">Fibershed Quebec is committed to contributing to the advancement of knowledge and communicating the best practices of its textile and apparel industry. This covers the entire life-cycle of products, from the production of fibers and raw materials to the end-of-life of textile and apparel.<br><\/p>\n\n\n\n<p class=\"has-text-color\" style=\"color:#b4c9c5;font-size:23px\">Behavior<\/p>\n\n\n\n<p class=\"has-gray-color has-text-color\" style=\"font-size:16px\">Fibershed Quebec is committed to strengthening the professional skills of the industry&#8217;s players in search of a diversified, eco-responsible and local textile and clothing industry.<\/p>\n<\/div>\n\n\n\n<div class=\"wp-block-column is-layout-flow wp-block-column-is-layout-flow\">\n<p class=\"has-text-color\" style=\"color:#b4c9c5;font-size:23px\"><strong>Know-how<\/strong><\/p>\n\n\n\n<p class=\"has-gray-color has-text-color\" style=\"font-size:16px\">Fibershed Quebec is committed to identifying, disseminating and sharing knowledge and skills of the textile and apparel industry to our community.<br><\/p>\n\n\n\n<p class=\"has-text-color\" style=\"color:#b4c9c5;font-size:23px\"><br><br><strong>Having fun<\/strong><\/p>\n\n\n\n<p class=\"has-gray-color has-text-color\" style=\"font-size:16px\">Fibershed Quebec encourages local initiatives that make people proud and excited.&nbsp;<\/p>\n<\/div>\n<\/div>\n\n\n\n<p><\/p>\n\n\n\n<div class=\"wp-block-media-text alignwide is-stacked-on-mobile\" id=\"mef\"><figure class=\"wp-block-media-text__media\"><img loading=\"lazy\" decoding=\"async\" width=\"685\" height=\"340\" src=\"https:\/\/fibershed.uqam.ca\/wp-content\/uploads\/2022\/03\/team-1.jpg\" alt=\"\" class=\"wp-image-213 size-full\" srcset=\"https:\/\/fibershed.uqam.ca\/wp-content\/uploads\/2022\/03\/team-1.jpg 685w, https:\/\/fibershed.uqam.ca\/wp-content\/uploads\/2022\/03\/team-1-300x149.jpg 300w\" sizes=\"auto, (max-width: 685px) 100vw, 685px\" \/><\/figure><div class=\"wp-block-media-text__content\">\n<h2 class=\"has-medium-font-size wp-block-heading\"><strong>Our Director, Marie-Eve Faust, Ph.D.<\/strong><\/h2>\n\n\n\n<p style=\"font-size:15px\"><br>Titulaire d&#8217;un Doctorat Philosophiae Doctor (Ph.D.) et d&#8217;une Ma\u00eetrise en Sciences Appliqu\u00e9es (M.Sc.A) tous deux en G\u00e9nie Industriel de l&#8217;\u00c9cole Polytechnique de Montr\u00e9al, Universit\u00e9 de Montr\u00e9al, elle d\u00e9tient un Baccalaur\u00e9at en Gestion et Design de la Mode, Bac \u00e8s Arts (B.A.) de l&#8217;\u00c9cole sup\u00e9rieure de mode, et un Baccalaur\u00e9at en Sciences Comptables (B.B.A.) tous deux de l&#8217;Universit\u00e9 du Qu\u00e9bec \u00e0 Montr\u00e9al (UQAM).<br><br>Apr\u00e8s avoir enseign\u00e9 pendant une d\u00e9cennie \u00e0 The Hong Kong Polytechnic University, Institute of Textiles and Clothing (ITC), leader pour le programme de ma\u00eetrise intitul\u00e9 le Global Fashion Management Executive Master Degree Seminarm, un partenariat avec The Fashion Institute of Technology (FIT) \u00e0 New York et l&#8217;Institut Fran\u00e7ais de la Mode (IFM) in Paris ainsi qu&#8217;aux USA, \u00e0 Philadelphia University, School of Business Administration, en tant que directrice du programme de Commercialisation de la Mode c&#8217;est avec fiert\u00e9 qu&#8217;elle revient \u00e0 son Alma Mater.<br><br>Ses sujets de recherches portent sur le d\u00e9veloppement durable dans le milieu de la mode. Son implication en d\u00e9montre tout autant avec la mise sur pied d&#8217;un Fibershed Qu\u00e9bec. Outre le d\u00e9veloppement durable, ses recherches portent sur le 3D Body Scanner, l&#8217;anthropom\u00e9trie, l&#8217;essayage et l&#8217;\u00e9tiquetage par taille. Dr. Faust fut r\u00e9cipiendaire une importante bourse pour l&#8217;implantation et la mise en place d&#8217;un 3D Body Scanner Lab. \u00e0 Hong Kong ITC. Elle compte plusieurs publications et a pr\u00e9sent\u00e9 de nombreuses conf\u00e9rences.<br>Outre ses r\u00f4les de directrice de programme et directrice administrative de l&#8217;\u00c9cole sup\u00e9rieure de mode, elle si\u00e8ge sur le Conseil d&#8217;Administration de la Grappe M\u00e9tropolitaine de la Mode (MMODE) et plus r\u00e9cemment fait partie du Conseil d\u2019Administration du CTT \u00e0 Saint-Hyacinthe.<\/p>\n<\/div><\/div>\n\n\n\n<div class=\"wp-block-media-text alignwide has-media-on-the-right is-stacked-on-mobile\" id=\"jocelyn\"><figure class=\"wp-block-media-text__media\"><img loading=\"lazy\" decoding=\"async\" width=\"685\" height=\"340\" src=\"https:\/\/fibershed.uqam.ca\/wp-content\/uploads\/2022\/03\/team-4.jpg\" alt=\"\" class=\"wp-image-216 size-full\" srcset=\"https:\/\/fibershed.uqam.ca\/wp-content\/uploads\/2022\/03\/team-4.jpg 685w, https:\/\/fibershed.uqam.ca\/wp-content\/uploads\/2022\/03\/team-4-300x149.jpg 300w\" sizes=\"auto, (max-width: 685px) 100vw, 685px\" \/><\/figure><div class=\"wp-block-media-text__content\">\n<h2 class=\"has-medium-font-size wp-block-heading\"><strong>Jocelyn Bellemare, Ph.D.<\/strong><\/h2>\n\n\n\n<p style=\"font-size:15px\"><br>Professeur au D\u00e9partement de management et technologie de l&#8217;ESG UQAM, Jocelyn Bellemare enseigne principalement aux \u00e9tudiants de l\u2019\u00c9cole sup\u00e9rieure de mode (ESM de l&#8217;ESG UQAM) dans les trois secteurs majeurs de l&#8217;industrie de la mode que pr\u00e9sente le programme de baccalaur\u00e9at en gestion et design de la mode : design\/stylisme, gestion industrielle et commercialisation. Depuis les vingt derni\u00e8res ann\u00e9es, ses activit\u00e9s professionnelles ont principalement \u00e9t\u00e9 dirig\u00e9es vers le d\u00e9veloppement de produits, la gestion, la formation en entreprise et l&#8217;\u00e9ducation.<br>Au cours de cette p\u00e9riode, le professeur Bellemare a approfondi ses connaissances du milieu des affaires, du secteur de la mode et de l\u2019habillement et il a agi \u00e0 titre de consultant en entreprise pour divers organismes. Il a \u00e9galement pr\u00e9sid\u00e9 plusieurs s\u00e9minaires en commercialisation offerts aux gens de l&#8217;industrie du commerce de gros et de d\u00e9tail. Toutes ces activit\u00e9s lui ont permis d&#8217;\u00e9tablir, d\u2019\u00e9tendre et de consolider un r\u00e9seau de contacts dans diverses industries connexes, aupr\u00e8s des fournisseurs, des manufacturiers, des d\u00e9taillants et des concepteurs.<br><br>Jocelyn Bellemare m\u00e8ne actuellement des recherches d\u2019envergures ax\u00e9es sur la probl\u00e9matique du mass customization (sur-mesure de masse), algorithmes de mod\u00e9lisation 3-D. Il effectue diverses \u00e9tudes et campagnes de mensurations tout en poursuivant des recherches sur le d\u00e9veloppement de produits vestimentaires technologiques et autres sujets li\u00e9s aux technologies de l&#8217;information dans les secteurs de la mode et de l&#8217;habillement.<\/p>\n<\/div><\/div>\n\n\n\n<div class=\"wp-block-media-text alignwide is-stacked-on-mobile\" id=\"richard\"><figure class=\"wp-block-media-text__media\"><img loading=\"lazy\" decoding=\"async\" width=\"683\" height=\"340\" src=\"https:\/\/fibershed.uqam.ca\/wp-content\/uploads\/2022\/03\/team-3.jpg\" alt=\"\" class=\"wp-image-215 size-full\" srcset=\"https:\/\/fibershed.uqam.ca\/wp-content\/uploads\/2022\/03\/team-3.jpg 683w, https:\/\/fibershed.uqam.ca\/wp-content\/uploads\/2022\/03\/team-3-300x149.jpg 300w\" sizes=\"auto, (max-width: 683px) 100vw, 683px\" \/><\/figure><div class=\"wp-block-media-text__content\">\n<h2 class=\"has-medium-font-size wp-block-heading\"><strong>Richard Fontaine, Ph.D.<\/strong><\/h2>\n\n\n\n<p style=\"font-size:15px\"><br>Richard Fontaine is an FCPA, FCMA and earned his PhD from the Montreal Joint PhD program (made up of McGill, HEC, ESG UQAM and Concordia).<br><br>Richard is a full time professor at UQ\u00c0M and teaches Management Accounting and Research Methods to undergraduate and Master&#8217;s students. He is also the coordinator and coach of the Capstone 1 course of the CPA program.<br><br>For his PhD thesis, Richard surveyed financial executives across Canada to better understand their relationships with external auditors using a marketing perspective. The results of this research were published in a European marketing journal. Richard has continued research looking at the role of audit committees and audit committee chairs. The results of a recent study on the perspective of audit committees on audit firm rotation was published in a top tier governance journal.<br><br>Richard has ongoing research projects with audit committees, and his most recent project is being funded by the Quebec Securities Commission (AMF). His research has allowed him privileged access to audit committee chairs across the country, giving him specialized perspectives into the behavioural aspects of audit committees and their chairs.<br><br>Prior to his academic career, Richard worked for multinationals such as FedEx and the Royal Bank. He also held strategic positions in emerging companies such as VP Finance for the Cora&#8217;s breakfast chain, where he still remains an active member of the Cora&#8217;s advisory committee..<\/p>\n<\/div><\/div>\n\n\n\n<div class=\"wp-block-media-text alignwide has-media-on-the-right is-stacked-on-mobile\" id=\"mathieu\"><figure class=\"wp-block-media-text__media\"><img loading=\"lazy\" decoding=\"async\" width=\"300\" height=\"200\" src=\"https:\/\/fibershed.uqam.ca\/wp-content\/uploads\/2022\/06\/starnaud-300x200.jpg\" alt=\"\" class=\"wp-image-405 size-medium\" srcset=\"https:\/\/fibershed.uqam.ca\/wp-content\/uploads\/2022\/06\/starnaud-300x200.jpg 300w, https:\/\/fibershed.uqam.ca\/wp-content\/uploads\/2022\/06\/starnaud.jpg 511w\" sizes=\"auto, (max-width: 300px) 100vw, 300px\" \/><\/figure><div class=\"wp-block-media-text__content\">\n<p class=\"has-medium-font-size\"><strong>Mathieu St-Arnaud Lavoie<\/strong><\/p>\n\n\n\n<p style=\"font-size:15px\">Directeur g\u00e9n\u00e9ral de la Grappe m\u00e9tropolitaine de la mode, Mathieu St-Arnaud Lavoie est \u00e9galement charg\u00e9 de cours \u00e0 l\u2019\u00c9cole Sup\u00e9rieure de Mode o\u00f9 il enseigne le cours <em>En mode affaires<\/em> aux \u00e9tudiants de premi\u00e8re ann\u00e9e.&nbsp;<br><br>Titulaire d\u2019un baccalaur\u00e9at en enseignement de la sant\u00e9 physique et \u00e0 la sant\u00e9 et d\u2019une ma\u00eetrise en Gestion et Administration de l\u2019universit\u00e9 de Sherbrooke, Mathieu lance sa carri\u00e8re en tant qu\u2019enseignant au secondaire. C\u2019est gr\u00e2ce \u00e0 son leadership et ses qualit\u00e9s philanthropiques que Mathieu a d\u00e9cid\u00e9 de lancer sa carri\u00e8re en gestion. Polyvalent et d\u00e9termin\u00e9, il a jongl\u00e9 dans diverses sph\u00e8res dont les relations publiques, la coordination, l\u2019organisation d\u2019\u00e9v\u00e8nements, le marketing, la gestion de ressources humaines, l\u2019organisation de collectes de fonds et la planification strat\u00e9gique.&nbsp;<\/p>\n\n\n\n<p style=\"font-size:15px\">\u00c0 ce jour, Mathieu est consid\u00e9r\u00e9 comme un sp\u00e9cialiste du d\u00e9veloppement des affaires, tant dans le milieu de la philanthropie que dans le milieu priv\u00e9. Sa passion pour son travail, sa facilit\u00e9 de tisser des liens et son aisance communicationnelle sont des atouts consid\u00e9rables pour l\u2019industrie de la mode<br>montr\u00e9alaise.<\/p>\n<\/div><\/div>\n\n\n\n<p><\/p>\n\n\n\n<p><br>Strategic Partners<\/p>\n\n\n\n<div class=\"wp-block-columns is-layout-flex wp-container-core-columns-is-layout-9d6595d7 wp-block-columns-is-layout-flex\">\n<div class=\"wp-block-column is-layout-flow wp-block-column-is-layout-flow\" style=\"flex-basis:100%\">\n<div class=\"wp-block-columns is-layout-flex wp-container-core-columns-is-layout-9d6595d7 wp-block-columns-is-layout-flex\">\n<div class=\"wp-block-column is-vertically-aligned-center is-layout-flow wp-block-column-is-layout-flow\">\n<figure class=\"wp-block-image size-large is-resized is-style-default\"><img loading=\"lazy\" decoding=\"async\" src=\"https:\/\/fibershed.uqam.ca\/wp-content\/uploads\/2022\/03\/mmode-5-1024x538.png\" alt=\"\" class=\"wp-image-315\" width=\"260\" height=\"133\"\/><\/figure>\n<\/div>\n\n\n\n<div class=\"wp-block-column is-layout-flow wp-block-column-is-layout-flow\"><\/div>\n\n\n\n<div class=\"wp-block-column is-layout-flow wp-block-column-is-layout-flow\">\n<figure class=\"wp-block-image size-full is-resized is-style-default wp-duotone-000000-rgb255255255-1\"><img loading=\"lazy\" decoding=\"async\" src=\"https:\/\/fibershed.uqam.ca\/wp-content\/uploads\/2022\/03\/mitacs-1.png\" alt=\"\" class=\"wp-image-317\" width=\"142\" height=\"139\"\/><\/figure>\n<\/div>\n<\/div>\n<\/div>\n<\/div>\n","protected":false},"excerpt":{"rendered":"<p>The Fibershed Quebec mission Following the Fibershed tradition, Fibershed Quebec values and promotes local textiles through a &#8220;soil-to-soil&#8221; philosophy. To this end, Fibershed Quebec supports and shares regional know-how and strengthens Quebecer\u2019s knowledge of its textile and clothing industry through structured projects that are ecologically, fairly and economically viable. Knowledge Fibershed Quebec is committed to [&#8230;]<\/p>\n<p><a class=\"button understrap-read-more-link\" href=\"https:\/\/fibershed.uqam.ca\/en\/about-fibershed-quebec\/\">Read More&#8230;<span class=\"screen-reader-text\"> from About Fibershed Quebec<\/span><\/a><\/p>\n","protected":false},"author":3,"featured_media":0,"parent":0,"menu_order":0,"comment_status":"closed","ping_status":"closed","template":"page-templates\/fullwidthpage.php","meta":{"footnotes":""},"class_list":["post-341","page","type-page","status-publish","hentry"],"acf":[],"yoast_head":"<!-- This site is optimized with the Yoast SEO plugin v27.5 - https:\/\/yoast.com\/product\/yoast-seo-wordpress\/ -->\n<title>About Fibershed Quebec - Fibershed Qu\u00e9bec - Page officielle<\/title>\n<meta name=\"robots\" content=\"index, follow, max-snippet:-1, max-image-preview:large, max-video-preview:-1\" \/>\n<link rel=\"canonical\" href=\"https:\/\/fibershed.uqam.ca\/en\/about-fibershed-quebec\/\" \/>\n<meta property=\"og:locale\" content=\"en_US\" \/>\n<meta property=\"og:type\" content=\"article\" \/>\n<meta property=\"og:title\" content=\"About Fibershed Quebec - Fibershed Qu\u00e9bec - Page officielle\" \/>\n<meta property=\"og:description\" content=\"The Fibershed Quebec mission Following the Fibershed tradition, Fibershed Quebec values and promotes local textiles through a &#8220;soil-to-soil&#8221; philosophy. To this end, Fibershed Quebec supports and shares regional know-how and strengthens Quebecer\u2019s knowledge of its textile and clothing industry through structured projects that are ecologically, fairly and economically viable. Knowledge Fibershed Quebec is committed to [...]Read More... from About Fibershed Quebec\" \/>\n<meta property=\"og:url\" content=\"https:\/\/fibershed.uqam.ca\/en\/about-fibershed-quebec\/\" \/>\n<meta property=\"og:site_name\" content=\"Fibershed Qu\u00e9bec - Page officielle\" \/>\n<meta property=\"article:modified_time\" content=\"2022-07-12T17:16:53+00:00\" \/>\n<meta property=\"og:image\" content=\"https:\/\/fibershed.uqam.ca\/wp-content\/uploads\/2022\/03\/team-1.jpg\" \/>\n<meta name=\"twitter:card\" content=\"summary_large_image\" \/>\n<meta name=\"twitter:label1\" content=\"Est. reading time\" \/>\n\t<meta name=\"twitter:data1\" content=\"7 minutes\" \/>\n<script type=\"application\/ld+json\" class=\"yoast-schema-graph\">{\"@context\":\"https:\\\/\\\/schema.org\",\"@graph\":[{\"@type\":\"WebPage\",\"@id\":\"https:\\\/\\\/fibershed.uqam.ca\\\/en\\\/about-fibershed-quebec\\\/\",\"url\":\"https:\\\/\\\/fibershed.uqam.ca\\\/en\\\/about-fibershed-quebec\\\/\",\"name\":\"About Fibershed Quebec - Fibershed Qu\u00e9bec - Page officielle\",\"isPartOf\":{\"@id\":\"https:\\\/\\\/fibershed.uqam.ca\\\/#website\"},\"primaryImageOfPage\":{\"@id\":\"https:\\\/\\\/fibershed.uqam.ca\\\/en\\\/about-fibershed-quebec\\\/#primaryimage\"},\"image\":{\"@id\":\"https:\\\/\\\/fibershed.uqam.ca\\\/en\\\/about-fibershed-quebec\\\/#primaryimage\"},\"thumbnailUrl\":\"https:\\\/\\\/fibershed.uqam.ca\\\/wp-content\\\/uploads\\\/2022\\\/03\\\/team-1.jpg\",\"datePublished\":\"2022-04-10T18:41:27+00:00\",\"dateModified\":\"2022-07-12T17:16:53+00:00\",\"breadcrumb\":{\"@id\":\"https:\\\/\\\/fibershed.uqam.ca\\\/en\\\/about-fibershed-quebec\\\/#breadcrumb\"},\"inLanguage\":\"en-US\",\"potentialAction\":[{\"@type\":\"ReadAction\",\"target\":[\"https:\\\/\\\/fibershed.uqam.ca\\\/en\\\/about-fibershed-quebec\\\/\"]}]},{\"@type\":\"ImageObject\",\"inLanguage\":\"en-US\",\"@id\":\"https:\\\/\\\/fibershed.uqam.ca\\\/en\\\/about-fibershed-quebec\\\/#primaryimage\",\"url\":\"https:\\\/\\\/fibershed.uqam.ca\\\/wp-content\\\/uploads\\\/2022\\\/03\\\/team-1.jpg\",\"contentUrl\":\"https:\\\/\\\/fibershed.uqam.ca\\\/wp-content\\\/uploads\\\/2022\\\/03\\\/team-1.jpg\"},{\"@type\":\"BreadcrumbList\",\"@id\":\"https:\\\/\\\/fibershed.uqam.ca\\\/en\\\/about-fibershed-quebec\\\/#breadcrumb\",\"itemListElement\":[{\"@type\":\"ListItem\",\"position\":1,\"name\":\"Accueil\",\"item\":\"https:\\\/\\\/fibershed.uqam.ca\\\/en\\\/\"},{\"@type\":\"ListItem\",\"position\":2,\"name\":\"About Fibershed Quebec\"}]},{\"@type\":\"WebSite\",\"@id\":\"https:\\\/\\\/fibershed.uqam.ca\\\/#website\",\"url\":\"https:\\\/\\\/fibershed.uqam.ca\\\/\",\"name\":\"Fibershed Qu\u00e9bec - Page officielle\",\"description\":\"Fibershed Qu\u00e9bec valorise les textiles du terroir et soutient le savoir-faire r\u00e9gional\",\"potentialAction\":[{\"@type\":\"SearchAction\",\"target\":{\"@type\":\"EntryPoint\",\"urlTemplate\":\"https:\\\/\\\/fibershed.uqam.ca\\\/?s={search_term_string}\"},\"query-input\":{\"@type\":\"PropertyValueSpecification\",\"valueRequired\":true,\"valueName\":\"search_term_string\"}}],\"inLanguage\":\"en-US\"}]}<\/script>\n<!-- \/ Yoast SEO plugin. -->","yoast_head_json":{"title":"About Fibershed Quebec - Fibershed Qu\u00e9bec - Page officielle","robots":{"index":"index","follow":"follow","max-snippet":"max-snippet:-1","max-image-preview":"max-image-preview:large","max-video-preview":"max-video-preview:-1"},"canonical":"https:\/\/fibershed.uqam.ca\/en\/about-fibershed-quebec\/","og_locale":"en_US","og_type":"article","og_title":"About Fibershed Quebec - Fibershed Qu\u00e9bec - Page officielle","og_description":"The Fibershed Quebec mission Following the Fibershed tradition, Fibershed Quebec values and promotes local textiles through a &#8220;soil-to-soil&#8221; philosophy. To this end, Fibershed Quebec supports and shares regional know-how and strengthens Quebecer\u2019s knowledge of its textile and clothing industry through structured projects that are ecologically, fairly and economically viable. Knowledge Fibershed Quebec is committed to [...]Read More... from About Fibershed Quebec","og_url":"https:\/\/fibershed.uqam.ca\/en\/about-fibershed-quebec\/","og_site_name":"Fibershed Qu\u00e9bec - Page officielle","article_modified_time":"2022-07-12T17:16:53+00:00","og_image":[{"url":"https:\/\/fibershed.uqam.ca\/wp-content\/uploads\/2022\/03\/team-1.jpg","type":"","width":"","height":""}],"twitter_card":"summary_large_image","twitter_misc":{"Est. reading time":"7 minutes"},"schema":{"@context":"https:\/\/schema.org","@graph":[{"@type":"WebPage","@id":"https:\/\/fibershed.uqam.ca\/en\/about-fibershed-quebec\/","url":"https:\/\/fibershed.uqam.ca\/en\/about-fibershed-quebec\/","name":"About Fibershed Quebec - Fibershed Qu\u00e9bec - Page officielle","isPartOf":{"@id":"https:\/\/fibershed.uqam.ca\/#website"},"primaryImageOfPage":{"@id":"https:\/\/fibershed.uqam.ca\/en\/about-fibershed-quebec\/#primaryimage"},"image":{"@id":"https:\/\/fibershed.uqam.ca\/en\/about-fibershed-quebec\/#primaryimage"},"thumbnailUrl":"https:\/\/fibershed.uqam.ca\/wp-content\/uploads\/2022\/03\/team-1.jpg","datePublished":"2022-04-10T18:41:27+00:00","dateModified":"2022-07-12T17:16:53+00:00","breadcrumb":{"@id":"https:\/\/fibershed.uqam.ca\/en\/about-fibershed-quebec\/#breadcrumb"},"inLanguage":"en-US","potentialAction":[{"@type":"ReadAction","target":["https:\/\/fibershed.uqam.ca\/en\/about-fibershed-quebec\/"]}]},{"@type":"ImageObject","inLanguage":"en-US","@id":"https:\/\/fibershed.uqam.ca\/en\/about-fibershed-quebec\/#primaryimage","url":"https:\/\/fibershed.uqam.ca\/wp-content\/uploads\/2022\/03\/team-1.jpg","contentUrl":"https:\/\/fibershed.uqam.ca\/wp-content\/uploads\/2022\/03\/team-1.jpg"},{"@type":"BreadcrumbList","@id":"https:\/\/fibershed.uqam.ca\/en\/about-fibershed-quebec\/#breadcrumb","itemListElement":[{"@type":"ListItem","position":1,"name":"Accueil","item":"https:\/\/fibershed.uqam.ca\/en\/"},{"@type":"ListItem","position":2,"name":"About Fibershed Quebec"}]},{"@type":"WebSite","@id":"https:\/\/fibershed.uqam.ca\/#website","url":"https:\/\/fibershed.uqam.ca\/","name":"Fibershed Qu\u00e9bec - Page officielle","description":"Fibershed Qu\u00e9bec valorise les textiles du terroir et soutient le savoir-faire r\u00e9gional","potentialAction":[{"@type":"SearchAction","target":{"@type":"EntryPoint","urlTemplate":"https:\/\/fibershed.uqam.ca\/?s={search_term_string}"},"query-input":{"@type":"PropertyValueSpecification","valueRequired":true,"valueName":"search_term_string"}}],"inLanguage":"en-US"}]}},"_links":{"self":[{"href":"https:\/\/fibershed.uqam.ca\/en\/wp-json\/wp\/v2\/pages\/341","targetHints":{"allow":["GET"]}}],"collection":[{"href":"https:\/\/fibershed.uqam.ca\/en\/wp-json\/wp\/v2\/pages"}],"about":[{"href":"https:\/\/fibershed.uqam.ca\/en\/wp-json\/wp\/v2\/types\/page"}],"author":[{"embeddable":true,"href":"https:\/\/fibershed.uqam.ca\/en\/wp-json\/wp\/v2\/users\/3"}],"replies":[{"embeddable":true,"href":"https:\/\/fibershed.uqam.ca\/en\/wp-json\/wp\/v2\/comments?post=341"}],"version-history":[{"count":15,"href":"https:\/\/fibershed.uqam.ca\/en\/wp-json\/wp\/v2\/pages\/341\/revisions"}],"predecessor-version":[{"id":553,"href":"https:\/\/fibershed.uqam.ca\/en\/wp-json\/wp\/v2\/pages\/341\/revisions\/553"}],"wp:attachment":[{"href":"https:\/\/fibershed.uqam.ca\/en\/wp-json\/wp\/v2\/media?parent=341"}],"curies":[{"name":"wp","href":"https:\/\/api.w.org\/{rel}","templated":true}]}}