{"id":522,"date":"2022-06-28T03:58:35","date_gmt":"2022-06-27T22:58:35","guid":{"rendered":"https:\/\/fibershed.uqam.ca\/repertoire\/"},"modified":"2023-04-27T01:54:32","modified_gmt":"2023-04-26T20:54:32","slug":"repertoire","status":"publish","type":"page","link":"https:\/\/fibershed.uqam.ca\/en\/repertoire\/","title":{"rendered":"R\u00e9pertoire"},"content":{"rendered":"\n<center><img loading=\"lazy\" decoding=\"async\" src=\"https:\/\/fibershed.uqam.ca\/wp-content\/uploads\/2022\/06\/fibershed_qc_map-1.png\" width=\"1201\" height=\"1538\" border=\"0\" alt=\"R\u00e9pertoire Fibershed\" usemap=\"#qc_map_Map\" style=\"max-width: 1201px; max-height: 1538px; margin: auto;\"><\/center>\n<map name=\"qc_map_Map\">\n<area shape=\"poly\" alt=\"\" coords=\"269,1256, 341,1294, 318,1339, 285,1329, 259,1295, 269,1256\" href=\"#laurent\">\n<area shape=\"poly\" alt=\"\" coords=\"287,1196, 360,1273, 483,1271, 518,1197, 517,1091, 516,985, 515,880, 419,974, 322,1069, 287,1196\" href=\"#sag\">\n<area shape=\"poly\" alt=\"\" coords=\"385,1369, 404,1399, 483,1364, 527,1305, 571,1246, 586,1217, 525,1188, 481,1283, 408,1279, 385,1369\" href=\"#qc\">\n<area shape=\"poly\" alt=\"\" coords=\"273,1503, 360,1503, 391,1450, 388,1428, 405,1403, 350,1379, 311,1441, 273,1503\" href=\"#mtl\">\n<area shape=\"poly\" alt=\"\" coords=\"261,1537, 292,1505, 364,1505, 392,1450, 391,1439, 408,1405, 469,1434, 452,1480, 386,1537, 261,1537\" href=\"#south\">\n<area shape=\"poly\" alt=\"\" coords=\"387,1426, 406,1413, 374,1398, 357,1435, 389,1450, 387,1426\" href=\"#south\">\n<area shape=\"poly\" alt=\"\" coords=\"374,1398, 350,1387, 333,1424, 357,1435, 357,1435, 374,1398\" href=\"#south\">\n<area shape=\"poly\" alt=\"\" coords=\"337,1466, 322,1459, 354,1389, 370,1396, 337,1466\" href=\"#mtl\">\n<area shape=\"poly\" alt=\"\" coords=\"319,1485, 321,1472, 322,1459, 330,1463, 337,1466, 328,1476, 319,1485\" href=\"#south\">\n<area shape=\"poly\" alt=\"\" coords=\"446,1448, 466,1435, 434,1420, 417,1456, 449,1471, 446,1448\" href=\"http:\/\/monteregie\">\n<area shape=\"poly\" alt=\"\" coords=\"434,1420, 409,1408, 392,1445, 417,1456, 417,1456, 434,1420\" href=\"#south\">\n<area shape=\"poly\" alt=\"\" coords=\"397,1487, 382,1480, 414,1411, 429,1418, 397,1487\" href=\"#south\">\n<area shape=\"poly\" alt=\"\" coords=\"379,1507, 380,1494, 382,1480, 389,1484, 397,1487, 388,1497, 379,1507\" href=\"#south\">\n<area shape=\"poly\" alt=\"\" coords=\"660,1195, 680,1182, 648,1167, 631,1203, 663,1218, 660,1195\" href=\"#bsl\">\n<area shape=\"poly\" alt=\"\" coords=\"648,1167, 623,1155, 606,1192, 631,1203, 631,1203, 648,1167\" href=\"#bsl\">\n<area shape=\"poly\" alt=\"\" coords=\"611,1234, 596,1227, 628,1158, 643,1165, 611,1234\" href=\"#bsl\">\n<area shape=\"rect\" alt=\"\" coords=\"287,1375,456,1522\" href=\"#mtl\">\n<area shape=\"poly\" alt=\"\" coords=\"642,1264, 647,1262, 653,1259, 656,1257, 662,1271, 682,1262, 680,1259, 682,1257, 685,1261, 678,1248, 732,1224, 701,1190, 699,1192, 694,1194, 692,1195, 692,1189, 690,1186, 686,1187, 684,1186, 681,1184, 679,1185, 675,1187, 669,1191, 664,1193, 655,1198, 650,1199, 648,1200,\n645,1201, 639,1205,\n634,1207, 628,1211, 622,1214, 618,1216, 616,1218, 612,1219, 608,1222, 607,1225, 603,1226, 598,1231, 593,1235, 589,1238, 585,1241, 581,1242, 579,1244, 576,1246, 572,1251, 567,1256, 564,1260, 560,1264, 555,1269, 553,1272, 551,1273, 547,1276, 543,1281, 542,1286, 541,1289, 538,1294, 532,1302, 527,1308, 519,1316, 516,1324, 512,1331,\n508,1333, 505,1337, 503,1343, 500,1348, 495,1354, 499,1359, 503,1364, 505,1366, 507,1365, 509,1368, 507,1370, 520,1385, 527,1375, 536,1361, 546,1346, 553,1333, 557,1326, 559,1322, 562,1324, 566,1325, 568,1330, 567,1336, 573,1334, 585,1330, 593,1325, 600,1318, 605,1313, 603,1282, 617,1281, 617,1274, 644,1274, 646,1270, 643,1268,\n642,1264\" href=\"#bsl\">\n<area shape=\"rect\" alt=\"\" coords=\"383,1259,534,1399\" href=\"#qc\">\n<area shape=\"poly\" alt=\"\" coords=\"381,1469, 380,1468, 378,1469, 377,1469, 375,1469, 372,1466, 368,1462, 368,1460, 371,1457, 371,1453, 370,1449, 367,1446, 363,1443, 360,1438, 354,1442, 350,1449, 346,1456, 345,1461, 341,1467, 337,1471, 334,1474, 334,1478, 334,1481, 332,1486, 331,1492, 332,1496, 328,1499,\n323,1498, 318,1499,\n314,1500, 310,1500, 306,1497, 306,1497, 302,1495, 297,1493, 292,1493, 289,1492, 284,1488, 284,1493, 282,1502, 281,1507, 284,1513, 287,1519, 285,1523, 282,1526, 279,1530, 274,1533, 270,1535, 270,1537, 363,1537, 370,1537, 387,1537, 386,1522, 391,1522, 391,1510, 387,1509, 388,1497, 391,1497, 390,1495, 390,1492, 391,1489, 393,1487,\n394,1483, 389,1479, 384,1473, 381,1469\" href=\"#south\">\n<area shape=\"poly\" alt=\"\" coords=\"289,1492, 292,1493, 297,1493, 302,1495, 306,1497, 308,1493, 310,1491, 312,1489, 314,1486, 317,1481, 319,1478, 317,1475, 316,1474, 320,1471, 319,1468, 317,1466, 315,1462, 312,1458, 311,1456, 310,1454, 308,1452, 307,1450, 307,1447, 308,1445, 308,1442, 305,1441, 304,1440,\n303,1439, 305,1436,\n297,1427, 292,1432, 285,1423, 288,1418, 281,1409, 285,1406, 288,1402, 286,1398, 282,1395, 280,1395, 280,1393, 280,1386, 281,1381, 282,1376, 283,1372, 281,1368, 278,1364, 275,1362, 278,1359, 283,1354, 283,1351, 282,1349, 283,1345, 280,1343, 276,1341, 272,1341, 273,1339, 275,1336, 277,1331, 279,1326, 281,1322, 283,1318, 281,1317,\n279,1318, 275,1314, 271,1309, 268,1304, 262,1298, 259,1295, 259,1295, 225,1295, 225,1295, 224,1296, 227,1301, 230,1306, 232,1309, 234,1307, 234,1309, 235,1312, 236,1315, 233,1320, 230,1325, 227,1330, 227,1333, 227,1336, 223,1341, 220,1345, 220,1343, 219,1340, 218,1338, 217,1337, 215,1338, 214,1337, 211,1335, 208,1335, 204,1340,\n200,1345, 197,1345, 195,1346, 195,1353, 194,1360, 193,1363, 193,1367, 195,1369, 199,1371, 202,1372, 203,1374, 205,1377, 208,1377, 212,1376, 213,1380, 214,1386, 214,1391, 214,1397, 214,1406, 213,1411, 215,1411, 216,1422, 213,1421, 210,1422, 211,1424, 212,1426, 210,1431, 212,1433, 213,1435, 213,1442, 213,1446, 214,1447, 215,1447,\n214,1450, 212,1452, 215,1452, 218,1451, 221,1450, 226,1452, 230,1451, 232,1449, 232,1444, 232,1440, 244,1440, 244,1438, 246,1432, 248,1430, 249,1434, 249,1439, 253,1440, 256,1441, 258,1443, 261,1445, 261,1447, 262,1449, 263,1451, 263,1452, 265,1453, 268,1451, 268,1455, 267,1461, 266,1468, 265,1474, 263,1482, 264,1482, 270,1482,\n275,1484, 279,1486, 284,1488, 284,1488, 289,1492\" href=\"#laurent\">\n<area shape=\"rect\" alt=\"\" coords=\"283,864,525,1279\" href=\"#sag\">\n<\/map>\n<br><br>\n\n\n\n<div align=\"center\"><center>\n\n\n\n<section id=\"bsl\" class=\" img-text\">\n    <div class=\"container-xxl\">\n        <div class=\"row\">\n                <div class=\"img-text--text\">\n<p class=\"text-desc\">BAS-ST-LAURENT<\/p>\n<p class=\"block-text\">\nDahlia Milon Textile\n<\/p>\n<a href=\"https:\/\/dahliamilon.com\/\" target=\"_blank\" class=\"button\" rel=\"noopener\">\nSite Web\n<\/a><br><br>\n<p class=\"block-text\">\nSADC du Kamouraska\n<\/p>\n<a href=\"https:\/\/sadckamouraska.com\/\" target=\"_blank\" class=\"button\" rel=\"noopener\">\nSite Web\n<\/a>\n            <\/div>\n        <\/div>\n    <\/div>\n<\/section>\n\n\n\n<section id=\"laurent\" class=\" img-text\">\n    <div class=\"container-xxl\">\n        <div class=\"row\">\n                <div class=\"img-text--text\">\n<p class=\"text-desc\">LAURENTIDES<\/p>\n<p class=\"block-text\">\nFerme de la Colline\n<\/p>\n<a href=\"https:\/\/www.fermedelacolline.com\/\" target=\"_blank\" class=\"button\" rel=\"noopener\">\nSite Web\n<\/a>\n            <\/div>\n        <\/div>\n    <\/div>\n<\/section>\n\n\n\n<section id=\"qc\" class=\" img-text\">\n    <div class=\"container-xxl\">\n        <div class=\"row\">\n                <div class=\"img-text--text\">\n<p class=\"text-desc\">CAPITALE NATIONALE (QU\u00c9BEC) \/ CHAUDI\u00c8RE-APPALACHE<\/p>\n<p class=\"block-text\">\nAssociation des fileurs et fileuses du Qu\u00e9bec\n<\/p>\n<a href=\"https:\/\/www.affq.net\/\" target=\"_blank\" class=\"button\" rel=\"noopener\">\nSite Web\n<\/a><br><br>\n<p class=\"block-text\">\nBilodeau Canada\n<\/p>\n<a href=\"https:\/\/bilodeaucanada.com\/\" target=\"_blank\" class=\"button\" rel=\"noopener\">\nSite Web\n<\/a><br><br>\n<p class=\"block-text\">\nChausse Nature\n<\/p>\n<a href=\"http:\/\/www.chaussenature.ca\/\" target=\"_blank\" class=\"button\" rel=\"noopener\">\nSite Web\n<\/a><br><br>\n<p class=\"block-text\">\nCSMO Textile\n<\/p>\n<a href=\"https:\/\/www.csmotextile.qc.ca\/\" target=\"_blank\" class=\"button\" rel=\"noopener\">\nSite Web\n<\/a><br><br>\n<p class=\"block-text\">\nLa Dame aux angoras\n<\/p>\n<a href=\"https:\/\/tankafaire.ca\/artisans\/la-dame-aux-angoras\/\" target=\"_blank\" class=\"button\" rel=\"noopener\">\nSite Web\n<\/a><br><br>\n<p class=\"block-text\">\nLasclay\n<\/p>\n<a href=\"https:\/\/lasclay.com\/\" target=\"_blank\" class=\"button\" rel=\"noopener\">\nSite Web\n<\/a><br><br>\n<p class=\"block-text\">\nViandes Lafrance\n<\/p>\n<a href=\"http:\/\/viandeslafrance.com\/\" target=\"_blank\" class=\"button\" rel=\"noopener\">\nSite Web\n<\/a>\n<\/p>\n<p class=\"block-text\"><br>\nFerme du Domaine Joie de Vivre Inc.\n<\/p>\n<a href=\"https:\/\/www.fermedudomainejoiedevivre.com\/\" target=\"_blank\" class=\"button\" rel=\"noopener\">\nSite Web\n<\/a><br><br>\u2028<p class=\"block-text\">\nFilature Lemieux Inc.\n<\/p>\n<a href=\"https:\/\/www.lemieuxspinning.com\/\" target=\"_blank\" class=\"button\" rel=\"noopener\">\nSite Web\n<\/a><br><br>\n            <\/div>\n        <\/div>\n    <\/div>\n<\/section>\n\n\n\n<section id=\"mtl\" class=\" img-text\">\n    <div class=\"container-xxl\">\n        <div class=\"row\">\n                <div class=\"img-text--text\">\n<p class=\"text-desc\">MONTR\u00c9AL<\/p>\n<p class=\"block-text\">\nAmulette\n<\/p>\n<a href=\"https:\/\/annielegault.com\/\" target=\"_blank\" class=\"button\" rel=\"noopener\">\nSite Web\n<\/a><br><br>\n<p class=\"block-text\">\natelier b\n<\/p>\n<a href=\"https:\/\/atelier-b.ca\/\" target=\"_blank\" class=\"button\" rel=\"noopener\">\nSite Web\n<\/a><br><br>\n<p class=\"block-text\">\nAtelier HOTELMOTEL\n<\/p>\n<a href=\"https:\/\/www.atelierhotelmotel.com\/\" target=\"_blank\" class=\"button\" rel=\"noopener\">\nSite Web\n<\/a><br><br>\n<p class=\"block-text\">\nCommunautique\n<\/p>\n<a href=\"https:\/\/www.communautique.quebec\/\" target=\"_blank\" class=\"button\" rel=\"noopener\">\nSite Web\n<\/a><br><br>\n<p class=\"block-text\">\nechofab\n<\/p>\n<a href=\"https:\/\/www.echofab.quebec\/\" target=\"_blank\" class=\"button\" rel=\"noopener\">\nSite Web\n<\/a><br><br>\n<p class=\"block-text\">\n\u00c9cole sup\u00e9rieure de mode, ESG UQAM\n<\/p>\n<a href=\"https:\/\/esm.esg.uqam.ca\/\" target=\"_blank\" class=\"button\" rel=\"noopener\">\nSite Web\n<\/a><br><br>\n<p class=\"block-text\">\nEliza Faulkner\n<\/p>\n<a href=\"https:\/\/elizafaulkner.com\/\" target=\"_blank\" class=\"button\" rel=\"noopener\">\nSite Web\n<\/a><br><br>\n<p class=\"block-text\">\nFadelidela\n<\/p>\n<a href=\"https:\/\/www.facebook.com\/fadelidela\/\" target=\"_blank\" class=\"button\" rel=\"noopener\">\nSite Web\n<\/a><br><br>\n<p class=\"block-text\">\nGrappe m\u00e9tropolitaine de la mode mmode\n<\/p>\n<a href=\"https:\/\/mmode.ca\/fr\/\" target=\"_blank\" class=\"button\" rel=\"noopener\">\nSite Web\n<\/a><br><br>\n<p class=\"block-text\">\nMam\u00e9\n<\/p>\n<a href=\"https:\/\/www.vetementsmame.com\/\" target=\"_blank\" class=\"button\" rel=\"noopener\">\nSite Web\n<\/a><br><br>\n<p class=\"block-text\">\nMariGold\n<\/p>\n<a href=\"https:\/\/marigoldmtl.com\/\" target=\"_blank\" class=\"button\" rel=\"noopener\">\nSite Web\n<\/a><br><br>\n<p class=\"block-text\">\nMitacs\n<\/p>\n<a href=\"https:\/\/www.mitacs.ca\/fr\" target=\"_blank\" class=\"button\" rel=\"noopener\">\nSite Web\n<\/a><br><br>\n<p class=\"block-text\">Montloup\n<\/p>\n<a href=\"https:\/\/www.montloup.com\/\" target=\"_blank\" class=\"button\" rel=\"noopener\">\nSite Web\n<\/a><br><br>\n<p class=\"block-text\">\nOscar Mendoza\n<\/p>\n<a href=\"https:\/\/www.oscarmendoza.ca\/\" target=\"_blank\" class=\"button\" rel=\"noopener\">\nSite Web\n<\/a><br><br>\n<p class=\"block-text\">\nPratique textile et habillement de Concertation Montr\u00e9al\n<\/p>\n<a href=\"https:\/\/concertationmtl.ca\/\" target=\"_blank\" class=\"button\" rel=\"noopener\">\nSite Web\n<\/a><br><br>\n<p class=\"block-text\">\nSavoir M\u00e9dia\n<\/p>\n<a href=\"https:\/\/www.savoir.media\/\" target=\"_blank\" class=\"button\" rel=\"noopener\">\nSite Web\n<\/a><br><br>\n<p class=\"block-text\">\nSilk Laundry\n<\/p>\n<a href=\"https:\/\/silklaundry.ca\/\" target=\"_blank\" class=\"button\" rel=\"noopener\">\nSite Web\n<\/a><br><br>\n<p class=\"block-text\">\nUniversit\u00e9 Concordia\n<\/p>\n<a href=\"https:\/\/www.concordia.ca\/fr.html\" target=\"_blank\" class=\"button\" rel=\"noopener\">\nSite Web\n<\/a><br><br>\n<p class=\"block-text\">\nTelio\n<\/p>\n<a href=\"https:\/\/www.telio.com\/\" target=\"_blank\" class=\"button\" rel=\"noopener\">\nSite Web\n<\/a><br><br>\n<p class=\"block-text\">\nWool Advocates\n<\/p>\n<a href=\"https:\/\/www.wooladvocates.com\/\" target=\"_blank\" class=\"button\" rel=\"noopener\">\nSite Web\n<\/a>\n            <\/div>\n        <\/div>\n    <\/div>\n<\/section>\n\n\n\n<section id=\"south\" class=\" img-text\">\n    <div class=\"container-xxl\">\n        <div class=\"row\">\n                <div class=\"img-text--text\">\n<p class=\"text-desc\">MONT\u00c9R\u00c9GIE<\/p>\n<p class=\"block-text\">\nAssociation des Manufacturiers de Chaussures du Canada\n<\/p>\n<a href=\"https:\/\/mmode.ca\/fr\/membre\/carte\/l-association-des-manufacturiers-de-chaussures-du-canada\/3a8\/\" target=\"_blank\" class=\"button\" rel=\"noopener\">\nSite Web\n<\/a><br><br>\n<p class=\"block-text\">\nCommun Tricot\n<\/p>\n<a href=\"https:\/\/www.commun-tricot.com\/\" target=\"_blank\" class=\"button\" rel=\"noopener\">\nSite Web\n<\/a><br><br>\n<p class=\"block-text\">\n\u00c9leveurs d&#8217;ovins du Qu\u00e9bec\n<\/p>\n<a href=\"https:\/\/www.upa.qc.ca\/fr\/\" target=\"_blank\" class=\"button\" rel=\"noopener\">\nSite Web\n<\/a><br><br>\n<p class=\"block-text\">\nGroupe CTT\n<\/p>\n<a href=\"http:\/\/gcttg.com\/\" target=\"_blank\" class=\"button\" rel=\"noopener\">\nSite Web\n<\/a><br><br>\n<p class=\"block-text\">\nLa Vie en Alpaga\n<\/p>\n<a href=\"https:\/\/www.lavieenalpaga.com\/\" target=\"_blank\" class=\"button\" rel=\"noopener\">\nSite Web\n<\/a><br><br>\n<p class=\"block-text\">\nLes argousiers de Ste-Christine\n<\/p>\n<a href=\"https:\/\/lesargousiers.ca\/\" target=\"_blank\" class=\"button\" rel=\"noopener\">\nSite Web\n<\/a><br><br>\n<p class=\"block-text\">\nLogistik Unicorp\n<\/p>\n<a href=\"https:\/\/logistikunicorp.com\/\" target=\"_blank\" class=\"button\" rel=\"noopener\">\nSite Web\n<\/a><br><br>\n<p class=\"block-text\">\nMercerie Roger\n<\/p>\n<a href=\"https:\/\/mroger.com\/qc\/\" target=\"_blank\" class=\"button\" rel=\"noopener\">\nSite Web\n<\/a><br><br>\n<p class=\"block-text\">\nTechniTextile Qu\u00e9bec\n<\/p>\n<a href=\"https:\/\/www.technitextile.ca\/fr\/\" target=\"_blank\" class=\"button\" rel=\"noopener\">\nSite Web\n<\/a><br><br>\n<p class=\"block-text\">\nTengiva\n<\/p>\n<a href=\"https:\/\/tengiva.com\/\" target=\"_blank\" class=\"button\" rel=\"noopener\">\nSite Web\n<\/a>\n            <\/div>\n        <\/div>\n    <\/div>\n<\/section>\n\n\n\n<section id=\"sag\" class=\" img-text\">\n    <div class=\"container-xxl\">\n        <div class=\"row\">\n                <div class=\"img-text--text\">\n<p class=\"text-desc\">SAGUENAY-LAC-ST-JEAN<\/p>\n<p class=\"block-text\">\n\u00c9cofaune bor\u00e9ale, C\u00e9gep de St-F\u00e9licien\n<\/p>\n<a href=\"https:\/\/ecofauneboreale.ca\/fr\/\" target=\"_blank\" class=\"button\" rel=\"noopener\">\nSite Web\n<\/a>\n            <\/div>\n        <\/div>\n    <\/div>\n<\/section>\n\n\n\n<section id=\"prov\" class=\" img-text\">\n    <div class=\"container-xxl\">\n        <div class=\"row\">\n                <div class=\"img-text--text\">\n<p class=\"text-desc\">PROVINCIAUX OU INTERNATIONAUX<\/p>\n<p class=\"block-text\">\nClub Tissus\n<\/p>\n<a href=\"https:\/\/www.clubtissus.com\/fr\/\" target=\"_blank\" class=\"button\" rel=\"noopener\">\nSite Web\n<\/a><br><br>\n<p class=\"block-text\">\nMaison Simons \/ Fabrique 1840\n<\/p>\n<a href=\"https:\/\/www.simons.ca\/fr\/artisans-d-ici--8737\" target=\"_blank\" class=\"button\" rel=\"noopener\">\nSite Web\n<\/a><br><br>\n<p class=\"block-text\">\nV\u00eatement Qu\u00e9bec\n<\/p>\n<a href=\"https:\/\/www.vetementquebec.com\/\" target=\"_blank\" class=\"button\" rel=\"noopener\">\nSite Web\n<\/a><br><br>\n<p class=\"block-text\">\nUniversity of Vermont\n<\/p>\n<a href=\"https:\/\/www.uvm.edu\/\" target=\"_blank\" class=\"button\" rel=\"noopener\">\nSite Web\n<\/a>\n            <\/div>\n        <\/div>\n    <\/div>\n<\/section>\n\n\n\n<\/div><\/center>\n","protected":false},"excerpt":{"rendered":"<p>BAS-ST-LAURENT Dahlia Milon Textile Site Web SADC du Kamouraska Site Web LAURENTIDES Ferme de la Colline Site Web CAPITALE NATIONALE (QU\u00c9BEC) \/ CHAUDI\u00c8RE-APPALACHE Association des fileurs et fileuses du Qu\u00e9bec Site Web Bilodeau Canada Site Web Chausse Nature Site Web CSMO Textile Site Web La Dame aux angoras Site Web Lasclay Site Web Viandes Lafrance [&#8230;]<\/p>\n<p><a class=\"button understrap-read-more-link\" href=\"https:\/\/fibershed.uqam.ca\/en\/repertoire\/\">Read More&#8230;<span class=\"screen-reader-text\"> from R\u00e9pertoire<\/span><\/a><\/p>\n","protected":false},"author":3,"featured_media":0,"parent":0,"menu_order":0,"comment_status":"closed","ping_status":"closed","template":"front-page.php","meta":{"footnotes":""},"class_list":["post-522","page","type-page","status-publish","hentry"],"acf":[],"yoast_head":"<!-- This site is optimized with the Yoast SEO plugin v27.5 - https:\/\/yoast.com\/product\/yoast-seo-wordpress\/ -->\n<title>R\u00e9pertoire - Fibershed Qu\u00e9bec - Page officielle<\/title>\n<meta name=\"robots\" content=\"index, follow, max-snippet:-1, max-image-preview:large, max-video-preview:-1\" \/>\n<link rel=\"canonical\" href=\"https:\/\/fibershed.uqam.ca\/en\/repertoire\/\" \/>\n<meta property=\"og:locale\" content=\"en_US\" \/>\n<meta property=\"og:type\" content=\"article\" \/>\n<meta property=\"og:title\" content=\"R\u00e9pertoire - Fibershed Qu\u00e9bec - Page officielle\" \/>\n<meta property=\"og:description\" content=\"BAS-ST-LAURENT Dahlia Milon Textile Site Web SADC du Kamouraska Site Web LAURENTIDES Ferme de la Colline Site Web CAPITALE NATIONALE (QU\u00c9BEC) \/ CHAUDI\u00c8RE-APPALACHE Association des fileurs et fileuses du Qu\u00e9bec Site Web Bilodeau Canada Site Web Chausse Nature Site Web CSMO Textile Site Web La Dame aux angoras Site Web Lasclay Site Web Viandes Lafrance [...]Read More... from R\u00e9pertoire\" \/>\n<meta property=\"og:url\" content=\"https:\/\/fibershed.uqam.ca\/en\/repertoire\/\" \/>\n<meta property=\"og:site_name\" content=\"Fibershed Qu\u00e9bec - Page officielle\" \/>\n<meta property=\"article:modified_time\" content=\"2023-04-26T20:54:32+00:00\" \/>\n<meta property=\"og:image\" content=\"https:\/\/fibershed.uqam.ca\/wp-content\/uploads\/2022\/06\/fibershed_qc_map-1.png\" \/>\n<meta name=\"twitter:card\" content=\"summary_large_image\" \/>\n<meta name=\"twitter:label1\" content=\"Est. reading time\" \/>\n\t<meta name=\"twitter:data1\" content=\"2 minutes\" \/>\n<script type=\"application\/ld+json\" class=\"yoast-schema-graph\">{\"@context\":\"https:\\\/\\\/schema.org\",\"@graph\":[{\"@type\":\"WebPage\",\"@id\":\"https:\\\/\\\/fibershed.uqam.ca\\\/en\\\/repertoire\\\/\",\"url\":\"https:\\\/\\\/fibershed.uqam.ca\\\/en\\\/repertoire\\\/\",\"name\":\"R\u00e9pertoire - Fibershed Qu\u00e9bec - Page officielle\",\"isPartOf\":{\"@id\":\"https:\\\/\\\/fibershed.uqam.ca\\\/#website\"},\"primaryImageOfPage\":{\"@id\":\"https:\\\/\\\/fibershed.uqam.ca\\\/en\\\/repertoire\\\/#primaryimage\"},\"image\":{\"@id\":\"https:\\\/\\\/fibershed.uqam.ca\\\/en\\\/repertoire\\\/#primaryimage\"},\"thumbnailUrl\":\"https:\\\/\\\/fibershed.uqam.ca\\\/wp-content\\\/uploads\\\/2022\\\/06\\\/fibershed_qc_map-1.png\",\"datePublished\":\"2022-06-27T22:58:35+00:00\",\"dateModified\":\"2023-04-26T20:54:32+00:00\",\"breadcrumb\":{\"@id\":\"https:\\\/\\\/fibershed.uqam.ca\\\/en\\\/repertoire\\\/#breadcrumb\"},\"inLanguage\":\"en-US\",\"potentialAction\":[{\"@type\":\"ReadAction\",\"target\":[\"https:\\\/\\\/fibershed.uqam.ca\\\/en\\\/repertoire\\\/\"]}]},{\"@type\":\"ImageObject\",\"inLanguage\":\"en-US\",\"@id\":\"https:\\\/\\\/fibershed.uqam.ca\\\/en\\\/repertoire\\\/#primaryimage\",\"url\":\"https:\\\/\\\/fibershed.uqam.ca\\\/wp-content\\\/uploads\\\/2022\\\/06\\\/fibershed_qc_map-1.png\",\"contentUrl\":\"https:\\\/\\\/fibershed.uqam.ca\\\/wp-content\\\/uploads\\\/2022\\\/06\\\/fibershed_qc_map-1.png\"},{\"@type\":\"BreadcrumbList\",\"@id\":\"https:\\\/\\\/fibershed.uqam.ca\\\/en\\\/repertoire\\\/#breadcrumb\",\"itemListElement\":[{\"@type\":\"ListItem\",\"position\":1,\"name\":\"Accueil\",\"item\":\"https:\\\/\\\/fibershed.uqam.ca\\\/en\\\/\"},{\"@type\":\"ListItem\",\"position\":2,\"name\":\"R\u00e9pertoire\"}]},{\"@type\":\"WebSite\",\"@id\":\"https:\\\/\\\/fibershed.uqam.ca\\\/#website\",\"url\":\"https:\\\/\\\/fibershed.uqam.ca\\\/\",\"name\":\"Fibershed Qu\u00e9bec - Page officielle\",\"description\":\"Fibershed Qu\u00e9bec valorise les textiles du terroir et soutient le savoir-faire r\u00e9gional\",\"potentialAction\":[{\"@type\":\"SearchAction\",\"target\":{\"@type\":\"EntryPoint\",\"urlTemplate\":\"https:\\\/\\\/fibershed.uqam.ca\\\/?s={search_term_string}\"},\"query-input\":{\"@type\":\"PropertyValueSpecification\",\"valueRequired\":true,\"valueName\":\"search_term_string\"}}],\"inLanguage\":\"en-US\"}]}<\/script>\n<!-- \/ Yoast SEO plugin. -->","yoast_head_json":{"title":"R\u00e9pertoire - Fibershed Qu\u00e9bec - Page officielle","robots":{"index":"index","follow":"follow","max-snippet":"max-snippet:-1","max-image-preview":"max-image-preview:large","max-video-preview":"max-video-preview:-1"},"canonical":"https:\/\/fibershed.uqam.ca\/en\/repertoire\/","og_locale":"en_US","og_type":"article","og_title":"R\u00e9pertoire - Fibershed Qu\u00e9bec - Page officielle","og_description":"BAS-ST-LAURENT Dahlia Milon Textile Site Web SADC du Kamouraska Site Web LAURENTIDES Ferme de la Colline Site Web CAPITALE NATIONALE (QU\u00c9BEC) \/ CHAUDI\u00c8RE-APPALACHE Association des fileurs et fileuses du Qu\u00e9bec Site Web Bilodeau Canada Site Web Chausse Nature Site Web CSMO Textile Site Web La Dame aux angoras Site Web Lasclay Site Web Viandes Lafrance [...]Read More... from R\u00e9pertoire","og_url":"https:\/\/fibershed.uqam.ca\/en\/repertoire\/","og_site_name":"Fibershed Qu\u00e9bec - Page officielle","article_modified_time":"2023-04-26T20:54:32+00:00","og_image":[{"url":"https:\/\/fibershed.uqam.ca\/wp-content\/uploads\/2022\/06\/fibershed_qc_map-1.png","type":"","width":"","height":""}],"twitter_card":"summary_large_image","twitter_misc":{"Est. reading time":"2 minutes"},"schema":{"@context":"https:\/\/schema.org","@graph":[{"@type":"WebPage","@id":"https:\/\/fibershed.uqam.ca\/en\/repertoire\/","url":"https:\/\/fibershed.uqam.ca\/en\/repertoire\/","name":"R\u00e9pertoire - Fibershed Qu\u00e9bec - Page officielle","isPartOf":{"@id":"https:\/\/fibershed.uqam.ca\/#website"},"primaryImageOfPage":{"@id":"https:\/\/fibershed.uqam.ca\/en\/repertoire\/#primaryimage"},"image":{"@id":"https:\/\/fibershed.uqam.ca\/en\/repertoire\/#primaryimage"},"thumbnailUrl":"https:\/\/fibershed.uqam.ca\/wp-content\/uploads\/2022\/06\/fibershed_qc_map-1.png","datePublished":"2022-06-27T22:58:35+00:00","dateModified":"2023-04-26T20:54:32+00:00","breadcrumb":{"@id":"https:\/\/fibershed.uqam.ca\/en\/repertoire\/#breadcrumb"},"inLanguage":"en-US","potentialAction":[{"@type":"ReadAction","target":["https:\/\/fibershed.uqam.ca\/en\/repertoire\/"]}]},{"@type":"ImageObject","inLanguage":"en-US","@id":"https:\/\/fibershed.uqam.ca\/en\/repertoire\/#primaryimage","url":"https:\/\/fibershed.uqam.ca\/wp-content\/uploads\/2022\/06\/fibershed_qc_map-1.png","contentUrl":"https:\/\/fibershed.uqam.ca\/wp-content\/uploads\/2022\/06\/fibershed_qc_map-1.png"},{"@type":"BreadcrumbList","@id":"https:\/\/fibershed.uqam.ca\/en\/repertoire\/#breadcrumb","itemListElement":[{"@type":"ListItem","position":1,"name":"Accueil","item":"https:\/\/fibershed.uqam.ca\/en\/"},{"@type":"ListItem","position":2,"name":"R\u00e9pertoire"}]},{"@type":"WebSite","@id":"https:\/\/fibershed.uqam.ca\/#website","url":"https:\/\/fibershed.uqam.ca\/","name":"Fibershed Qu\u00e9bec - Page officielle","description":"Fibershed Qu\u00e9bec valorise les textiles du terroir et soutient le savoir-faire r\u00e9gional","potentialAction":[{"@type":"SearchAction","target":{"@type":"EntryPoint","urlTemplate":"https:\/\/fibershed.uqam.ca\/?s={search_term_string}"},"query-input":{"@type":"PropertyValueSpecification","valueRequired":true,"valueName":"search_term_string"}}],"inLanguage":"en-US"}]}},"_links":{"self":[{"href":"https:\/\/fibershed.uqam.ca\/en\/wp-json\/wp\/v2\/pages\/522","targetHints":{"allow":["GET"]}}],"collection":[{"href":"https:\/\/fibershed.uqam.ca\/en\/wp-json\/wp\/v2\/pages"}],"about":[{"href":"https:\/\/fibershed.uqam.ca\/en\/wp-json\/wp\/v2\/types\/page"}],"author":[{"embeddable":true,"href":"https:\/\/fibershed.uqam.ca\/en\/wp-json\/wp\/v2\/users\/3"}],"replies":[{"embeddable":true,"href":"https:\/\/fibershed.uqam.ca\/en\/wp-json\/wp\/v2\/comments?post=522"}],"version-history":[{"count":5,"href":"https:\/\/fibershed.uqam.ca\/en\/wp-json\/wp\/v2\/pages\/522\/revisions"}],"predecessor-version":[{"id":780,"href":"https:\/\/fibershed.uqam.ca\/en\/wp-json\/wp\/v2\/pages\/522\/revisions\/780"}],"wp:attachment":[{"href":"https:\/\/fibershed.uqam.ca\/en\/wp-json\/wp\/v2\/media?parent=522"}],"curies":[{"name":"wp","href":"https:\/\/api.w.org\/{rel}","templated":true}]}}